{"id":862,"date":"2024-09-24T20:52:44","date_gmt":"2024-09-24T18:52:44","guid":{"rendered":"https:\/\/wellenrauscher.de\/?page_id=862"},"modified":"2025-02-11T19:35:58","modified_gmt":"2025-02-11T18:35:58","slug":"verchartern","status":"publish","type":"page","link":"https:\/\/wellenrauscher.de\/en\/verchartern\/","title":{"rendered":"Verchartern Sie Ihre Yacht \u2013 Unabh\u00e4ngige Beratung"},"content":{"rendered":"<p>Sie m\u00f6chten Ihre private Yacht vermieten und wissen nicht, wo Sie anfangen sollen? Als erfahrener Privatvercharterer unterst\u00fctze ich Sie dabei, Ihre Yacht erfolgreich zu verchartern und dabei den maximalen Gewinn zu erzielen. <\/p>\n\n\n\n<p>In der Ausgabe 3\/2025 des Magazins YACHT wurde mein sechsseitiger Service-Bericht \u00fcber das <a href=\"https:\/\/www.yacht.de\/reisen-chartern\/weltweit\/ratgeber-privat-charter-pro-und-contra-fuer-eigner\/\">Verchartern der eigenen Yacht<\/a> ver\u00f6ffentlicht. Hier finden Sie kostenlos die wichtigsten Informationen f\u00fcr einen ersten \u00dcberblick \u00fcber das Vermieten der eigenen Yacht. <\/p>\n\n\n\n<p><\/p>\n\n\n\n<h3 class=\"wp-block-heading\"><strong>Warum meine Beratung?<\/strong><\/h3>\n\n\n\n<ul class=\"wp-block-list\">\n<li><strong>Individuelle Analyse:<\/strong> Jedes Boot ist anders. Ich helfe Ihnen, das volle Potenzial Ihrer Yacht zu nutzen oder eine passende Yacht f\u00fcr die Vercharterung zu w\u00e4hlen.<\/li>\n\n\n\n<li><strong>Strategische Marketingberatung:<\/strong> Optimierung der Pr\u00e4sentation Ihrer Yacht auf beliebten Plattformen wie Yachtcharter-Portalen und Social Media. Umgehen Sie Stolperfallen auf die Einsteiger h\u00e4ufig hereinfallen.<\/li>\n\n\n\n<li><strong>Preisgestaltung &amp; Vertr\u00e4ge:<\/strong> Unterst\u00fctzung bei einer marktgerechten Preisstrategie und rechtssicheren Vertr\u00e4gen.<\/li>\n\n\n\n<li><strong>Absch\u00e4tzung der Kosten<\/strong>: Eine Vercharterung der privaten Yacht erfordert einen erheblichen Aufwand. Um von Beginn an absch\u00e4tzen zu k\u00f6nnen ob eine Vercharterung f\u00fcr Sie lohnend sein kann, analysieren wir gemeinsam die zu erwartenden Kosten und Ertr\u00e4ge.<\/li>\n\n\n\n<li><strong>Analyse der Gewinnerwartung<\/strong>: Jeder angehende Vercharterer bringt andere Grundlagen mit. Anhand Ihrer geplanten Vercharterungszeiten, der angenommenen Eigenleistungsquote und der Ber\u00fccksichtigung weiterer Faktoren errechnen wir den zu erwarteten Ertrag der geplanten Vercharterung.<\/li>\n<\/ul>\n\n\n\n<h3 class=\"wp-block-heading\"><strong>H\u00e4ufige Fragen zur Yachtvercharterung<\/strong><\/h3>\n\n\n\n<ol class=\"wp-block-list\">\n<li><strong>Wie finde ich Mieter f\u00fcr meine Yacht?<\/strong><br>Ich zeige Ihnen, wie Sie Ihre Yacht auf den richtigen Plattformen pr\u00e4sentieren und welche Marketingma\u00dfnahmen die besten Ergebnisse liefern.<\/li>\n\n\n\n<li><strong>Welche Kosten entstehen bei der Vercharterung?<\/strong><br>Von Agenturprovisionen bis hin zu Unterhaltskosten \u2013 ich helfe Ihnen, die Kalkulation transparent zu gestalten und den finanziellen Ertrag zu maximieren.<\/li>\n\n\n\n<li><strong>Ist es rechtlich kompliziert?<\/strong><br>Ich unterst\u00fctze Sie dabei, rechtliche Stolperfallen zu umgehen und sicherzustellen, dass alle notwendigen Dokumente vorhanden sind.<\/li>\n\n\n\n<li><strong>Welche Arbeiten muss ich ber\u00fccksichtigen?<\/strong><br>Gemeinsam finden wir heraus welche Arbeiten auf Sie zukommen werden, welche davon Sie selbst \u00fcbernehmen k\u00f6nnen und was Sie durch Dritte erledigen lassen m\u00fcssen.<\/li>\n<\/ol>\n\n\n\n<h3 class=\"wp-block-heading\">Yacht verchartern? <strong>Kontaktieren Sie mich<\/strong>!<\/h3>\n\n\n\n<p>Nutzen Sie mein Fachwissen und machen Sie den n\u00e4chsten Schritt, um Ihre Yacht erfolgreich zu verchartern. Lassen Sie uns gemeinsam herausfinden, wie Sie den maximalen Nutzen aus Ihrem Boot ziehen k\u00f6nnen.<\/p>\n\n\n\n<p><strong>Jetzt unverbindlich beraten lassen<\/strong> <\/p>\n\n\n\n<figure class=\"wp-block-image size-large is-resized\"><img loading=\"lazy\" decoding=\"async\" width=\"768\" height=\"1024\" src=\"https:\/\/wellenrauscher.de\/wp-content\/uploads\/2024\/09\/Patrick-Vujatovic-sailing-768x1024.jpg\" alt=\"\" class=\"wp-image-871\" style=\"width:437px;height:auto\" srcset=\"https:\/\/wellenrauscher.de\/wp-content\/uploads\/2024\/09\/Patrick-Vujatovic-sailing-768x1024.jpg 768w, https:\/\/wellenrauscher.de\/wp-content\/uploads\/2024\/09\/Patrick-Vujatovic-sailing-225x300.jpg 225w, https:\/\/wellenrauscher.de\/wp-content\/uploads\/2024\/09\/Patrick-Vujatovic-sailing-1152x1536.jpg 1152w, https:\/\/wellenrauscher.de\/wp-content\/uploads\/2024\/09\/Patrick-Vujatovic-sailing-1536x2048.jpg 1536w, https:\/\/wellenrauscher.de\/wp-content\/uploads\/2024\/09\/Patrick-Vujatovic-sailing-9x12.jpg 9w, https:\/\/wellenrauscher.de\/wp-content\/uploads\/2024\/09\/Patrick-Vujatovic-sailing-scaled.jpg 1920w\" sizes=\"auto, (max-width: 768px) 100vw, 768px\" \/><figcaption class=\"wp-element-caption\">Dipl.-Kfm. Patrick Vujatovic<\/figcaption><\/figure>\n\n\n\n<p>E-Mail an: vujatovic@wellenrauscher.de<\/p>\n\n\n\n<p>Mobil: +49 15142094868<\/p>\n\n\n\n<p>Interesse am Chartern der <a href=\"https:\/\/wellenrauscher.de\/en\/chartern-gelting-mole\/\">Yolo<\/a>? <\/p>","protected":false},"excerpt":{"rendered":"<p>Sie m\u00f6chten Ihre private Yacht vermieten und wissen nicht, wo Sie anfangen sollen? Als erfahrener Privatvercharterer unterst\u00fctze ich Sie dabei, Ihre Yacht erfolgreich zu verchartern und dabei den maximalen Gewinn zu erzielen. In der Ausgabe 3\/2025 des Magazins YACHT wurde <a href=\"https:\/\/wellenrauscher.de\/en\/verchartern\/\" class=\"read-more\">Read more<\/a><\/p>","protected":false},"author":1,"featured_media":0,"parent":0,"menu_order":0,"comment_status":"closed","ping_status":"closed","template":"","meta":{"footnotes":""},"class_list":["post-862","page","type-page","status-publish","hentry"],"yoast_head":"<!-- This site is optimized with the Yoast SEO plugin v26.3 - https:\/\/yoast.com\/wordpress\/plugins\/seo\/ -->\n<title>Die eigene Yacht verchartern - leicht gemacht - Einsteiger-Beratung<\/title>\n<meta name=\"description\" content=\"\u201eErfahren Sie, wie Sie Ihre private Yacht erfolgreich verchartern. Individuelle Beratung f\u00fcr Preisgestaltung, Marketing und Verwaltung. Maximieren Sie Ihre Einnahmen und sichern Sie sich wertvolle Tipps f\u00fcr den Chartermarkt. Jetzt informieren!\u201c\" \/>\n<meta name=\"robots\" content=\"index, follow, max-snippet:-1, max-image-preview:large, max-video-preview:-1\" \/>\n<link rel=\"canonical\" href=\"https:\/\/wellenrauscher.de\/en\/verchartern\/\" \/>\n<meta property=\"og:locale\" content=\"en_GB\" \/>\n<meta property=\"og:type\" content=\"article\" \/>\n<meta property=\"og:title\" content=\"Die eigene Yacht verchartern - leicht gemacht - Einsteiger-Beratung\" \/>\n<meta property=\"og:description\" content=\"\u201eErfahren Sie, wie Sie Ihre private Yacht erfolgreich verchartern. Individuelle Beratung f\u00fcr Preisgestaltung, Marketing und Verwaltung. Maximieren Sie Ihre Einnahmen und sichern Sie sich wertvolle Tipps f\u00fcr den Chartermarkt. Jetzt informieren!\u201c\" \/>\n<meta property=\"og:url\" content=\"https:\/\/wellenrauscher.de\/en\/verchartern\/\" \/>\n<meta property=\"og:site_name\" content=\"Wellenrauscher\" \/>\n<meta property=\"article:modified_time\" content=\"2025-02-11T18:35:58+00:00\" \/>\n<meta property=\"og:image\" content=\"https:\/\/wellenrauscher.de\/wp-content\/uploads\/2024\/09\/Patrick-Vujatovic-sailing-scaled.jpg\" \/>\n\t<meta property=\"og:image:width\" content=\"1920\" \/>\n\t<meta property=\"og:image:height\" content=\"2560\" \/>\n\t<meta property=\"og:image:type\" content=\"image\/jpeg\" \/>\n<meta name=\"twitter:card\" content=\"summary_large_image\" \/>\n<meta name=\"twitter:label1\" content=\"Estimated reading time\" \/>\n\t<meta name=\"twitter:data1\" content=\"3 minutes\" \/>\n<script type=\"application\/ld+json\" class=\"yoast-schema-graph\">{\"@context\":\"https:\/\/schema.org\",\"@graph\":[{\"@type\":\"WebPage\",\"@id\":\"https:\/\/wellenrauscher.de\/verchartern\/\",\"url\":\"https:\/\/wellenrauscher.de\/verchartern\/\",\"name\":\"Die eigene Yacht verchartern - leicht gemacht - Einsteiger-Beratung\",\"isPartOf\":{\"@id\":\"https:\/\/wellenrauscher.de\/#website\"},\"primaryImageOfPage\":{\"@id\":\"https:\/\/wellenrauscher.de\/verchartern\/#primaryimage\"},\"image\":{\"@id\":\"https:\/\/wellenrauscher.de\/verchartern\/#primaryimage\"},\"thumbnailUrl\":\"https:\/\/wellenrauscher.de\/wp-content\/uploads\/2024\/09\/Patrick-Vujatovic-sailing-768x1024.jpg\",\"datePublished\":\"2024-09-24T18:52:44+00:00\",\"dateModified\":\"2025-02-11T18:35:58+00:00\",\"description\":\"\u201eErfahren Sie, wie Sie Ihre private Yacht erfolgreich verchartern. Individuelle Beratung f\u00fcr Preisgestaltung, Marketing und Verwaltung. Maximieren Sie Ihre Einnahmen und sichern Sie sich wertvolle Tipps f\u00fcr den Chartermarkt. Jetzt informieren!\u201c\",\"breadcrumb\":{\"@id\":\"https:\/\/wellenrauscher.de\/verchartern\/#breadcrumb\"},\"inLanguage\":\"en-GB\",\"potentialAction\":[{\"@type\":\"ReadAction\",\"target\":[\"https:\/\/wellenrauscher.de\/verchartern\/\"]}]},{\"@type\":\"ImageObject\",\"inLanguage\":\"en-GB\",\"@id\":\"https:\/\/wellenrauscher.de\/verchartern\/#primaryimage\",\"url\":\"https:\/\/wellenrauscher.de\/wp-content\/uploads\/2024\/09\/Patrick-Vujatovic-sailing-768x1024.jpg\",\"contentUrl\":\"https:\/\/wellenrauscher.de\/wp-content\/uploads\/2024\/09\/Patrick-Vujatovic-sailing-768x1024.jpg\"},{\"@type\":\"BreadcrumbList\",\"@id\":\"https:\/\/wellenrauscher.de\/verchartern\/#breadcrumb\",\"itemListElement\":[{\"@type\":\"ListItem\",\"position\":1,\"name\":\"Startseite\",\"item\":\"https:\/\/wellenrauscher.de\/\"},{\"@type\":\"ListItem\",\"position\":2,\"name\":\"Verchartern Sie Ihre Yacht \u2013 Unabh\u00e4ngige Beratung\"}]},{\"@type\":\"WebSite\",\"@id\":\"https:\/\/wellenrauscher.de\/#website\",\"url\":\"https:\/\/wellenrauscher.de\/\",\"name\":\"Wellenrauscher\",\"description\":\"Lieblingsort unter Segeln\",\"potentialAction\":[{\"@type\":\"SearchAction\",\"target\":{\"@type\":\"EntryPoint\",\"urlTemplate\":\"https:\/\/wellenrauscher.de\/?s={search_term_string}\"},\"query-input\":{\"@type\":\"PropertyValueSpecification\",\"valueRequired\":true,\"valueName\":\"search_term_string\"}}],\"inLanguage\":\"en-GB\"}]}<\/script>\n<!-- \/ Yoast SEO plugin. -->","yoast_head_json":{"title":"Die eigene Yacht verchartern - leicht gemacht - Einsteiger-Beratung","description":"\u201eErfahren Sie, wie Sie Ihre private Yacht erfolgreich verchartern. Individuelle Beratung f\u00fcr Preisgestaltung, Marketing und Verwaltung. Maximieren Sie Ihre Einnahmen und sichern Sie sich wertvolle Tipps f\u00fcr den Chartermarkt. Jetzt informieren!\u201c","robots":{"index":"index","follow":"follow","max-snippet":"max-snippet:-1","max-image-preview":"max-image-preview:large","max-video-preview":"max-video-preview:-1"},"canonical":"https:\/\/wellenrauscher.de\/en\/verchartern\/","og_locale":"en_GB","og_type":"article","og_title":"Die eigene Yacht verchartern - leicht gemacht - Einsteiger-Beratung","og_description":"\u201eErfahren Sie, wie Sie Ihre private Yacht erfolgreich verchartern. Individuelle Beratung f\u00fcr Preisgestaltung, Marketing und Verwaltung. Maximieren Sie Ihre Einnahmen und sichern Sie sich wertvolle Tipps f\u00fcr den Chartermarkt. Jetzt informieren!\u201c","og_url":"https:\/\/wellenrauscher.de\/en\/verchartern\/","og_site_name":"Wellenrauscher","article_modified_time":"2025-02-11T18:35:58+00:00","og_image":[{"width":1920,"height":2560,"url":"https:\/\/wellenrauscher.de\/wp-content\/uploads\/2024\/09\/Patrick-Vujatovic-sailing-scaled.jpg","type":"image\/jpeg"}],"twitter_card":"summary_large_image","twitter_misc":{"Estimated reading time":"3 minutes"},"schema":{"@context":"https:\/\/schema.org","@graph":[{"@type":"WebPage","@id":"https:\/\/wellenrauscher.de\/verchartern\/","url":"https:\/\/wellenrauscher.de\/verchartern\/","name":"Die eigene Yacht verchartern - leicht gemacht - Einsteiger-Beratung","isPartOf":{"@id":"https:\/\/wellenrauscher.de\/#website"},"primaryImageOfPage":{"@id":"https:\/\/wellenrauscher.de\/verchartern\/#primaryimage"},"image":{"@id":"https:\/\/wellenrauscher.de\/verchartern\/#primaryimage"},"thumbnailUrl":"https:\/\/wellenrauscher.de\/wp-content\/uploads\/2024\/09\/Patrick-Vujatovic-sailing-768x1024.jpg","datePublished":"2024-09-24T18:52:44+00:00","dateModified":"2025-02-11T18:35:58+00:00","description":"\u201eErfahren Sie, wie Sie Ihre private Yacht erfolgreich verchartern. Individuelle Beratung f\u00fcr Preisgestaltung, Marketing und Verwaltung. Maximieren Sie Ihre Einnahmen und sichern Sie sich wertvolle Tipps f\u00fcr den Chartermarkt. Jetzt informieren!\u201c","breadcrumb":{"@id":"https:\/\/wellenrauscher.de\/verchartern\/#breadcrumb"},"inLanguage":"en-GB","potentialAction":[{"@type":"ReadAction","target":["https:\/\/wellenrauscher.de\/verchartern\/"]}]},{"@type":"ImageObject","inLanguage":"en-GB","@id":"https:\/\/wellenrauscher.de\/verchartern\/#primaryimage","url":"https:\/\/wellenrauscher.de\/wp-content\/uploads\/2024\/09\/Patrick-Vujatovic-sailing-768x1024.jpg","contentUrl":"https:\/\/wellenrauscher.de\/wp-content\/uploads\/2024\/09\/Patrick-Vujatovic-sailing-768x1024.jpg"},{"@type":"BreadcrumbList","@id":"https:\/\/wellenrauscher.de\/verchartern\/#breadcrumb","itemListElement":[{"@type":"ListItem","position":1,"name":"Startseite","item":"https:\/\/wellenrauscher.de\/"},{"@type":"ListItem","position":2,"name":"Verchartern Sie Ihre Yacht \u2013 Unabh\u00e4ngige Beratung"}]},{"@type":"WebSite","@id":"https:\/\/wellenrauscher.de\/#website","url":"https:\/\/wellenrauscher.de\/","name":"Wellenrauscher","description":"favorite place under sails","potentialAction":[{"@type":"SearchAction","target":{"@type":"EntryPoint","urlTemplate":"https:\/\/wellenrauscher.de\/?s={search_term_string}"},"query-input":{"@type":"PropertyValueSpecification","valueRequired":true,"valueName":"search_term_string"}}],"inLanguage":"en-GB"}]}},"jetpack_sharing_enabled":true,"_links":{"self":[{"href":"https:\/\/wellenrauscher.de\/en\/wp-json\/wp\/v2\/pages\/862","targetHints":{"allow":["GET"]}}],"collection":[{"href":"https:\/\/wellenrauscher.de\/en\/wp-json\/wp\/v2\/pages"}],"about":[{"href":"https:\/\/wellenrauscher.de\/en\/wp-json\/wp\/v2\/types\/page"}],"author":[{"embeddable":true,"href":"https:\/\/wellenrauscher.de\/en\/wp-json\/wp\/v2\/users\/1"}],"replies":[{"embeddable":true,"href":"https:\/\/wellenrauscher.de\/en\/wp-json\/wp\/v2\/comments?post=862"}],"version-history":[{"count":5,"href":"https:\/\/wellenrauscher.de\/en\/wp-json\/wp\/v2\/pages\/862\/revisions"}],"predecessor-version":[{"id":936,"href":"https:\/\/wellenrauscher.de\/en\/wp-json\/wp\/v2\/pages\/862\/revisions\/936"}],"wp:attachment":[{"href":"https:\/\/wellenrauscher.de\/en\/wp-json\/wp\/v2\/media?parent=862"}],"curies":[{"name":"wp","href":"https:\/\/api.w.org\/{rel}","templated":true}]}}