{"id":756,"date":"2024-09-18T20:27:46","date_gmt":"2024-09-18T18:27:46","guid":{"rendered":"https:\/\/wellenrauscher.de\/?page_id=756"},"modified":"2024-09-23T11:37:21","modified_gmt":"2024-09-23T09:37:21","slug":"segelrouten-und-toernvorschlaege-auf-der-ostsee","status":"publish","type":"page","link":"https:\/\/wellenrauscher.de\/en\/segelrouten-und-toernvorschlaege-auf-der-ostsee\/","title":{"rendered":"Segelrouten und T\u00f6rnvorschl\u00e4ge Ostsee"},"content":{"rendered":"<p>Starte dein Segelabenteuer auf der <strong>Baltic Sea<\/strong>! Hier findest du die besten <strong>Segelrouten<\/strong> und T\u00f6rnvorschl\u00e4ge auf der Ostsee, ab dem <a href=\"https:\/\/wellenrauscher.de\/en\/charter-sportboothafen-gelting\/\">Hafen <strong>Gelting-Mole<\/strong><\/a>, f\u00fcr deinen n\u00e4chsten <strong><a href=\"https:\/\/wellenrauscher.de\/en\/chartern-gelting-mole\/\">Segelurlaub auf der Ostsee<\/a><\/strong>. Egal, ob du ein <strong><a href=\"https:\/\/wellenrauscher.de\/en\/chartern-gelting-mole\/\">Segelboot chartern<\/a><\/strong> m\u00f6chtest oder auf der Suche nach spannenden <strong>T\u00f6rnvorschl\u00e4gen<\/strong> bist, hier wirst du f\u00fcndig. Entdecke die Ostsee mit der <a href=\"https:\/\/wellenrauscher.de\/en\/chartern-gelting-mole\/\">Segelyacht Yolo<\/a> und plane deine unvergessliche Reise auf dem Wasser.<\/p>\n\n\n\n<h2 class=\"wp-block-heading\">1. D\u00e4nische S\u00fcdsee Segelt\u00f6rn \u2013 Entdecke entspannte Segelrouten<\/h2>\n\n\n\n<p>Die <strong><a href=\"https:\/\/wellenrauscher.de\/en\/2022\/09\/07\/daenische-suedsee\/\">d\u00e4nische S\u00fcdsee<\/a><\/strong> ist eines der beliebtesten Segelreviere f\u00fcr deinen <strong><a href=\"https:\/\/wellenrauscher.de\/en\/chartern-gelting-mole\/\">Segelurlaub auf der Ostsee<\/a><\/strong>. Von <strong><a href=\"https:\/\/wellenrauscher.de\/en\/charter-sportboothafen-gelting\/\">Gelting-Mole<\/a><\/strong> aus erreichst du die idyllischen Inseln Als, \u00c6r\u00f8 und Langeland in wenigen Stunden. Diese Route bietet ruhige Gew\u00e4sser, wundersch\u00f6ne Naturh\u00e4fen und charmante d\u00e4nische K\u00fcstenst\u00e4dte. Ideal f\u00fcr entspannte Segeltage und Erkundungen an Land. <a href=\"https:\/\/wellenrauscher.de\/en\/2022\/09\/07\/daenische-suedsee\/\">Erfahrungsbericht Segelt\u00f6rn d\u00e4nische S\u00fcdsee<\/a>.<\/p>\n\n\n\n<ul class=\"wp-block-list\">\n<li><strong>Distanzen:<\/strong> ca. 25-40 Seemeilen je nach Ziel (z.B. S\u00f8nderborg auf Als: ca. 25 SM; \u00c6r\u00f8: ca. 35 SM)<\/li>\n\n\n\n<li><strong>Dauer:<\/strong> 3-7 Tage, je nach Route<\/li>\n\n\n\n<li><strong>Highlights:<\/strong> S\u00f8by auf \u00c6r\u00f8, Fynshav, Naturhafen Dyvig<\/li>\n<\/ul>\n\n\n\n<p><strong>Tipp: Auf \u00c6r\u00f8 f\u00e4hrt ein kostenloser Bus der dich zu allen gr\u00f6\u00dferen St\u00e4dten auf der Insel f\u00e4hrt.<\/strong><\/p>\n\n\n\n<figure class=\"wp-block-image size-large\"><img loading=\"lazy\" decoding=\"async\" width=\"1024\" height=\"461\" src=\"https:\/\/wellenrauscher.de\/wp-content\/uploads\/2022\/09\/marstal-daenische-suedsee-fischerreusen-1024x461.jpg\" alt=\"Fischernetze und Fischerreusen in Marstal in der N\u00e4he des Sportboothafens. der Himmel ist hellblau, neben den Holzst\u00e4ndern an denen die R\u00e4usen aufgeh\u00e4ngt sind, liegen gr\u00f6\u00dfere Felsbrocken. Segelboot Yolo chartern ab Gelting-Mole \u2013 unvergesslicher Segelurlaub auf der Ostsee\" class=\"wp-image-555\" srcset=\"https:\/\/wellenrauscher.de\/wp-content\/uploads\/2022\/09\/marstal-daenische-suedsee-fischerreusen-1024x461.jpg 1024w, https:\/\/wellenrauscher.de\/wp-content\/uploads\/2022\/09\/marstal-daenische-suedsee-fischerreusen-300x135.jpg 300w, https:\/\/wellenrauscher.de\/wp-content\/uploads\/2022\/09\/marstal-daenische-suedsee-fischerreusen-768x346.jpg 768w, https:\/\/wellenrauscher.de\/wp-content\/uploads\/2022\/09\/marstal-daenische-suedsee-fischerreusen-1536x692.jpg 1536w, https:\/\/wellenrauscher.de\/wp-content\/uploads\/2022\/09\/marstal-daenische-suedsee-fischerreusen-18x8.jpg 18w, https:\/\/wellenrauscher.de\/wp-content\/uploads\/2022\/09\/marstal-daenische-suedsee-fischerreusen.jpg 2016w\" sizes=\"auto, (max-width: 1024px) 100vw, 1024px\" \/><figcaption class=\"wp-element-caption\">Malerisches Marstal auf \u00c6r\u00f8<\/figcaption><\/figure>\n\n\n\n<h2 class=\"wp-block-heading\"><strong>2. Rund Fehmarn Segelt\u00f6rn \u2013 Entdecke die Vielfalt der Ostsee<\/strong><\/h2>\n\n\n\n<p>Eine Rundreise um <strong>Fehmarn<\/strong> ist ein wunderbares Abenteuer f\u00fcr Segler, die sowohl die Sch\u00f6nheit der Ostsee als auch charmante Hafenst\u00e4dte erleben m\u00f6chten. Diese Route f\u00fchrt dich rund um die Insel Fehmarn, einschlie\u00dflich eines Stopps in <strong>Heiligenhafen<\/strong>, einem malerischen Hafenort an der Westk\u00fcste der Insel.<\/p>\n\n\n\n<p>Ab <a href=\"https:\/\/wellenrauscher.de\/en\/charter-sportboothafen-gelting\/\"><strong>Gelting-Mole<\/strong> <\/a>segelst du entlang der abwechslungsreichen K\u00fcste Fehmarns und entdeckst malerische Buchten und Str\u00e4nde. Die Strecke umfasst auch Besuche der geschichtstr\u00e4chtigen Stadt Burg auf Fehmarn und des lebhaften Hafens von Heiligenhafen. Diese Route ist ideal f\u00fcr einen entspannenden Segelt\u00f6rn mit vielen M\u00f6glichkeiten zur Erkundung der Umgebung und zu Landg\u00e4ngen.<\/p>\n\n\n\n<ul class=\"wp-block-list\">\n<li><strong>Distanz:<\/strong> ca. 100 bis 130 Seemeilen je nach Route<\/li>\n\n\n\n<li><strong>Dauer:<\/strong> 7-14 Tage<\/li>\n\n\n\n<li><strong>Highlights:<\/strong> Hafen von Heiligenhafen, Stadt Burg, Str\u00e4nde und Buchten rund um Fehmarn, Fehmarnsund<\/li>\n\n\n\n<li><strong>Beste Jahreszeit:<\/strong> Mai bis September, mit angenehmen Winden und ruhigen Gew\u00e4ssern<\/li>\n<\/ul>\n\n\n\n<h2 class=\"wp-block-heading\"><strong>3. Rund Fyn Segelt\u00f6rn \u2013 Natur und Kultur entdecken<\/strong><\/h2>\n\n\n\n<p>Ein Segelt\u00f6rn rund um die Insel <strong>Fyn<\/strong> (F\u00fcnen) ist perfekt f\u00fcr Segler, die Natur und Kultur kombinieren m\u00f6chten. Diese Route f\u00fchrt dich durch enge Passagen, malerische Inseln und bietet viele interessante Stopps in charmanten Hafenst\u00e4dten wie Svendborg und Faaborg. Ab <strong><a href=\"https:\/\/wellenrauscher.de\/en\/charter-sportboothafen-gelting\/\">Gelting-Mole<\/a><\/strong> segelst du direkt in die idyllische <strong>d\u00e4nische S\u00fcdsee<\/strong>, von wo aus du Fyns K\u00fcste erkunden kannst.<\/p>\n\n\n\n<p>Neben entspannten Segelbedingungen erwartet dich auch eine Vielzahl von Sehensw\u00fcrdigkeiten, darunter das pr\u00e4chtige Schloss Egeskov und die historische Stadt Odense, bekannt als Geburtsort von Hans Christian Andersen. Diese <strong>Segelroute auf der Ostsee<\/strong> ist sowohl f\u00fcr Familien als auch f\u00fcr erfahrene Segler geeignet.<\/p>\n\n\n\n<ul class=\"wp-block-list\">\n<li><strong>Distanz:<\/strong> ca. 120-150 Seemeilen je nach Route<\/li>\n\n\n\n<li><strong>Dauer:<\/strong> 7-10 Tage<\/li>\n\n\n\n<li><strong>Highlights:<\/strong> Schloss Egeskov, Svendborg, Faaborg, kleine Inseln der d\u00e4nischen S\u00fcdsee<\/li>\n\n\n\n<li><strong>Beste Jahreszeit:<\/strong> Mai bis September, mit angenehmen Winden und moderaten Wellen<\/li>\n<\/ul>\n\n\n\n<figure class=\"wp-block-image size-large\"><img loading=\"lazy\" decoding=\"async\" width=\"1024\" height=\"768\" src=\"https:\/\/wellenrauscher.de\/wp-content\/uploads\/2023\/09\/13_plotterScreenshot-1024x768.jpg\" alt=\"\" class=\"wp-image-621\" srcset=\"https:\/\/wellenrauscher.de\/wp-content\/uploads\/2023\/09\/13_plotterScreenshot-1024x768.jpg 1024w, https:\/\/wellenrauscher.de\/wp-content\/uploads\/2023\/09\/13_plotterScreenshot-300x225.jpg 300w, https:\/\/wellenrauscher.de\/wp-content\/uploads\/2023\/09\/13_plotterScreenshot-768x576.jpg 768w, https:\/\/wellenrauscher.de\/wp-content\/uploads\/2023\/09\/13_plotterScreenshot-1536x1152.jpg 1536w, https:\/\/wellenrauscher.de\/wp-content\/uploads\/2023\/09\/13_plotterScreenshot-2048x1536.jpg 2048w, https:\/\/wellenrauscher.de\/wp-content\/uploads\/2023\/09\/13_plotterScreenshot-16x12.jpg 16w\" sizes=\"auto, (max-width: 1024px) 100vw, 1024px\" \/><\/figure>\n\n\n\n<h2 class=\"wp-block-heading\">4. Flensburg und die Schlei \u2013 Ein Kurztrip f\u00fcr Einsteiger<\/h2>\n\n\n\n<p>F\u00fcr einen kurzen und entspannten Segelt\u00f6rn bietet sich die <a href=\"https:\/\/wellenrauscher.de\/en\/2024\/06\/11\/segeltoern-durch-die-flensburger-foerde-mit-einer-dehler-34-im-juni-2024\/\">Flensburger F\u00f6rde<\/a> und die Schlei an. Diese Route f\u00fchrt durch ruhiges Fahrwasser und bietet zahlreiche Ankerpl\u00e4tze sowie charmante Hafenst\u00e4dte wie Kappeln und Maasholm. Ideal f\u00fcr Einsteiger und Familien, die ihren ersten <strong><a href=\"https:\/\/wellenrauscher.de\/en\/chartern-gelting-mole\/\">Segelurlaub auf der Ostsee<\/a><\/strong> verbringen m\u00f6chten.<\/p>\n\n\n\n<ul class=\"wp-block-list\">\n<li><strong>Distanz:<\/strong> ca. 15-30 Seemeilen (Flensburg: ca. 15 SM; Kappeln: ca. 25 SM)<\/li>\n\n\n\n<li><strong>Dauer:<\/strong> 2-5 Tage<\/li>\n\n\n\n<li><strong>Highlights:<\/strong> <a href=\"https:\/\/wellenrauscher.de\/en\/2024\/06\/11\/segeltoern-durch-die-flensburger-foerde-mit-einer-dehler-34-im-juni-2024\/\">Flensburg<\/a>, Schlei, <a href=\"https:\/\/wellenrauscher.de\/en\/sportboothafen-maasholm\/\">Maasholm<\/a><\/li>\n<\/ul>\n\n\n\n<figure class=\"wp-block-image size-large\"><img loading=\"lazy\" decoding=\"async\" width=\"1024\" height=\"576\" src=\"https:\/\/wellenrauscher.de\/wp-content\/uploads\/2024\/09\/dji_fly_20240828_100424_124_1724832274229_photo_optimized-1024x576.jpg\" alt=\"Besuch in Flensburg. Segelboot Yolo besucht den Flensburger Sportboothafen \u2013 perfekt f\u00fcr einen entspannten Segelurlaub auf der Ostsee.\" class=\"wp-image-709\" srcset=\"https:\/\/wellenrauscher.de\/wp-content\/uploads\/2024\/09\/dji_fly_20240828_100424_124_1724832274229_photo_optimized-1024x576.jpg 1024w, https:\/\/wellenrauscher.de\/wp-content\/uploads\/2024\/09\/dji_fly_20240828_100424_124_1724832274229_photo_optimized-300x169.jpg 300w, https:\/\/wellenrauscher.de\/wp-content\/uploads\/2024\/09\/dji_fly_20240828_100424_124_1724832274229_photo_optimized-768x432.jpg 768w, https:\/\/wellenrauscher.de\/wp-content\/uploads\/2024\/09\/dji_fly_20240828_100424_124_1724832274229_photo_optimized-1536x864.jpg 1536w, https:\/\/wellenrauscher.de\/wp-content\/uploads\/2024\/09\/dji_fly_20240828_100424_124_1724832274229_photo_optimized-2048x1152.jpg 2048w, https:\/\/wellenrauscher.de\/wp-content\/uploads\/2024\/09\/dji_fly_20240828_100424_124_1724832274229_photo_optimized-18x10.jpg 18w\" sizes=\"auto, (max-width: 1024px) 100vw, 1024px\" \/><figcaption class=\"wp-element-caption\">Der Flensburber Hafen am Jaich ist nur wenige Gehminuten von der belebten Innenstadt entfernt<\/figcaption><\/figure>\n\n\n\n<h2 class=\"wp-block-heading\"><strong>5. Rund Sj\u00e6lland Segelt\u00f6rn \u2013 Naturwunder und St\u00e4dteflair | T\u00f6rnvorschl\u00e4ge Ostsee<\/strong><\/h2>\n\n\n\n<p>Eine Rundreise um <strong>Sj\u00e6lland<\/strong> (Seeland) ist ein gro\u00dfartiges Abenteuer f\u00fcr Segler, die sowohl die beeindruckende Natur als auch kulturelle Highlights erleben m\u00f6chten. Diese Route f\u00fchrt dich rund um die gr\u00f6\u00dfte d\u00e4nische Insel und bietet eine spektakul\u00e4re Aussicht auf die ber\u00fchmten <strong>M\u00f8ns Klint<\/strong>-Kalkklippen.<\/p>\n\n\n\n<p>Ab <strong><a href=\"https:\/\/wellenrauscher.de\/en\/charter-sportboothafen-gelting\/\">Gelting-Mole<\/a><\/strong> segelst du nach Norden in die <a href=\"https:\/\/wellenrauscher.de\/en\/2022\/09\/07\/daenische-suedsee\/\">d\u00e4nische S\u00fcdsee<\/a> und erreichst \u00fcber den \u00d8resund die \u00f6stliche K\u00fcste von Sj\u00e6lland. Die Route umfasst beeindruckende Landschaften, historische St\u00e4dte wie Kopenhagen und Roskilde sowie die faszinierenden M\u00f8ns Klint. Die Klippen bieten atemberaubende Ausblicke und sind ein idealer Ort f\u00fcr einen Landgang.<\/p>\n\n\n\n<ul class=\"wp-block-list\">\n<li><strong>Distanz:<\/strong> ca. 180-250 Seemeilen je nach Route<\/li>\n\n\n\n<li><strong>Dauer:<\/strong> 14-21 Tage<\/li>\n\n\n\n<li><strong>Highlights:<\/strong> M\u00f8ns Klint, Kopenhagen, Roskilde, historische St\u00e4dte und K\u00fcstenlandschaften<\/li>\n\n\n\n<li><strong>Beste Jahreszeit:<\/strong> Mai bis September, f\u00fcr angenehme Temperaturen und stabile Winde<\/li>\n<\/ul>\n\n\n\n<figure class=\"wp-block-image size-full\"><img loading=\"lazy\" decoding=\"async\" width=\"2560\" height=\"1705\" src=\"https:\/\/wellenrauscher.de\/wp-content\/uploads\/2023\/09\/08_kreidefelsen-scaled.jpg\" alt=\"M\u00f6ns Klint Kreidefelsen in D\u00e4nemark\" class=\"wp-image-632\" srcset=\"https:\/\/wellenrauscher.de\/wp-content\/uploads\/2023\/09\/08_kreidefelsen-scaled.jpg 2560w, https:\/\/wellenrauscher.de\/wp-content\/uploads\/2023\/09\/08_kreidefelsen-300x200.jpg 300w, https:\/\/wellenrauscher.de\/wp-content\/uploads\/2023\/09\/08_kreidefelsen-1024x682.jpg 1024w, https:\/\/wellenrauscher.de\/wp-content\/uploads\/2023\/09\/08_kreidefelsen-768x511.jpg 768w, https:\/\/wellenrauscher.de\/wp-content\/uploads\/2023\/09\/08_kreidefelsen-1536x1023.jpg 1536w, https:\/\/wellenrauscher.de\/wp-content\/uploads\/2023\/09\/08_kreidefelsen-2048x1364.jpg 2048w, https:\/\/wellenrauscher.de\/wp-content\/uploads\/2023\/09\/08_kreidefelsen-18x12.jpg 18w\" sizes=\"auto, (max-width: 2560px) 100vw, 2560px\" \/><figcaption class=\"wp-element-caption\">Die Kreidefelsen bei M\u00f6ns Klint von der Yolo aus fotografiert<\/figcaption><\/figure>\n\n\n\n<h2 class=\"wp-block-heading\">Plan deine Segelroute mit der Segelyacht Yolo! | T\u00f6rnvorschl\u00e4ge Ostsee<\/h2>\n\n\n\n<p>Egal ob du die ruhigen Gew\u00e4sser der <strong>d\u00e4nischen S\u00fcdsee<\/strong> genie\u00dfen m\u00f6chtest oder einen abenteuerlichen <strong>Segelt\u00f6rn nach Bornholm<\/strong> planst \u2013 die <strong><a href=\"https:\/\/wellenrauscher.de\/en\/chartern-gelting-mole\/\">Segelyacht Yolo<\/a><\/strong> ist die perfekte Wahl f\u00fcr deinen <strong><a href=\"https:\/\/wellenrauscher.de\/en\/chartern-gelting-mole\/\">Segelurlaub auf der Ostsee<\/a><\/strong>. Unser erfahrenes Team unterst\u00fctzt dich gerne bei der Routenplanung und gibt dir Tipps f\u00fcr dein pers\u00f6nliches Segelabenteuer.<\/p>\n\n\n\n<p><a href=\"https:\/\/wellenrauscher.de\/en\/impressum\/\">Kontaktiere uns f\u00fcr deine Segelroute<\/a><\/p>\n\n\n\n<p><\/p>","protected":false},"excerpt":{"rendered":"<p>Starte dein Segelabenteuer auf der Ostsee! Hier findest du die besten Segelrouten und T\u00f6rnvorschl\u00e4ge auf der Ostsee, ab dem Hafen Gelting-Mole, f\u00fcr deinen n\u00e4chsten Segelurlaub auf der Ostsee. Egal, ob du ein Segelboot chartern m\u00f6chtest oder auf der Suche nach <a href=\"https:\/\/wellenrauscher.de\/en\/segelrouten-und-toernvorschlaege-auf-der-ostsee\/\" class=\"read-more\">Read more<\/a><\/p>","protected":false},"author":1,"featured_media":0,"parent":0,"menu_order":0,"comment_status":"closed","ping_status":"closed","template":"","meta":{"footnotes":""},"class_list":["post-756","page","type-page","status-publish","hentry"],"yoast_head":"<!-- This site is optimized with the Yoast SEO plugin v26.3 - https:\/\/yoast.com\/wordpress\/plugins\/seo\/ -->\n<title>Segelrouten und T\u00f6rnvorschl\u00e4ge Ostsee - Wellenrauscher<\/title>\n<meta name=\"description\" content=\"Plane deinen n\u00e4chsten Segelt\u00f6rn mit unseren inspirierenden &quot;T\u00f6rnvorschl\u00e4ge Ostsee&quot; -Anregungen. Entdecke traumhafte Routen zu den sch\u00f6nsten H\u00e4fen und Inseln, von Flensburg \u00fcber Fehmarn bis in die d\u00e4nische S\u00fcdsee. Ideal f\u00fcr alle Segelbegeisterten!\" \/>\n<meta name=\"robots\" content=\"index, follow, max-snippet:-1, max-image-preview:large, max-video-preview:-1\" \/>\n<link rel=\"canonical\" href=\"https:\/\/wellenrauscher.de\/en\/segelrouten-und-toernvorschlaege-auf-der-ostsee\/\" \/>\n<meta property=\"og:locale\" content=\"en_GB\" \/>\n<meta property=\"og:type\" content=\"article\" \/>\n<meta property=\"og:title\" content=\"Segelrouten und T\u00f6rnvorschl\u00e4ge Ostsee - Wellenrauscher\" \/>\n<meta property=\"og:description\" content=\"Plane deinen n\u00e4chsten Segelt\u00f6rn mit unseren inspirierenden &quot;T\u00f6rnvorschl\u00e4ge Ostsee&quot; -Anregungen. Entdecke traumhafte Routen zu den sch\u00f6nsten H\u00e4fen und Inseln, von Flensburg \u00fcber Fehmarn bis in die d\u00e4nische S\u00fcdsee. Ideal f\u00fcr alle Segelbegeisterten!\" \/>\n<meta property=\"og:url\" content=\"https:\/\/wellenrauscher.de\/en\/segelrouten-und-toernvorschlaege-auf-der-ostsee\/\" \/>\n<meta property=\"og:site_name\" content=\"Wellenrauscher\" \/>\n<meta property=\"article:modified_time\" content=\"2024-09-23T09:37:21+00:00\" \/>\n<meta property=\"og:image\" content=\"https:\/\/wellenrauscher.de\/wp-content\/uploads\/2022\/09\/marstal-daenische-suedsee-fischerreusen-1024x461.jpg\" \/>\n<meta name=\"twitter:card\" content=\"summary_large_image\" \/>\n<meta name=\"twitter:label1\" content=\"Estimated reading time\" \/>\n\t<meta name=\"twitter:data1\" content=\"5 minutes\" \/>\n<script type=\"application\/ld+json\" class=\"yoast-schema-graph\">{\"@context\":\"https:\/\/schema.org\",\"@graph\":[{\"@type\":\"WebPage\",\"@id\":\"https:\/\/wellenrauscher.de\/segelrouten-und-toernvorschlaege-auf-der-ostsee\/\",\"url\":\"https:\/\/wellenrauscher.de\/segelrouten-und-toernvorschlaege-auf-der-ostsee\/\",\"name\":\"Segelrouten und T\u00f6rnvorschl\u00e4ge Ostsee - Wellenrauscher\",\"isPartOf\":{\"@id\":\"https:\/\/wellenrauscher.de\/#website\"},\"primaryImageOfPage\":{\"@id\":\"https:\/\/wellenrauscher.de\/segelrouten-und-toernvorschlaege-auf-der-ostsee\/#primaryimage\"},\"image\":{\"@id\":\"https:\/\/wellenrauscher.de\/segelrouten-und-toernvorschlaege-auf-der-ostsee\/#primaryimage\"},\"thumbnailUrl\":\"https:\/\/wellenrauscher.de\/wp-content\/uploads\/2022\/09\/marstal-daenische-suedsee-fischerreusen-1024x461.jpg\",\"datePublished\":\"2024-09-18T18:27:46+00:00\",\"dateModified\":\"2024-09-23T09:37:21+00:00\",\"description\":\"Plane deinen n\u00e4chsten Segelt\u00f6rn mit unseren inspirierenden \\\"T\u00f6rnvorschl\u00e4ge Ostsee\\\" -Anregungen. Entdecke traumhafte Routen zu den sch\u00f6nsten H\u00e4fen und Inseln, von Flensburg \u00fcber Fehmarn bis in die d\u00e4nische S\u00fcdsee. Ideal f\u00fcr alle Segelbegeisterten!\",\"breadcrumb\":{\"@id\":\"https:\/\/wellenrauscher.de\/segelrouten-und-toernvorschlaege-auf-der-ostsee\/#breadcrumb\"},\"inLanguage\":\"en-GB\",\"potentialAction\":[{\"@type\":\"ReadAction\",\"target\":[\"https:\/\/wellenrauscher.de\/segelrouten-und-toernvorschlaege-auf-der-ostsee\/\"]}]},{\"@type\":\"ImageObject\",\"inLanguage\":\"en-GB\",\"@id\":\"https:\/\/wellenrauscher.de\/segelrouten-und-toernvorschlaege-auf-der-ostsee\/#primaryimage\",\"url\":\"https:\/\/wellenrauscher.de\/wp-content\/uploads\/2022\/09\/marstal-daenische-suedsee-fischerreusen-1024x461.jpg\",\"contentUrl\":\"https:\/\/wellenrauscher.de\/wp-content\/uploads\/2022\/09\/marstal-daenische-suedsee-fischerreusen-1024x461.jpg\"},{\"@type\":\"BreadcrumbList\",\"@id\":\"https:\/\/wellenrauscher.de\/segelrouten-und-toernvorschlaege-auf-der-ostsee\/#breadcrumb\",\"itemListElement\":[{\"@type\":\"ListItem\",\"position\":1,\"name\":\"Startseite\",\"item\":\"https:\/\/wellenrauscher.de\/\"},{\"@type\":\"ListItem\",\"position\":2,\"name\":\"Segelrouten und T\u00f6rnvorschl\u00e4ge Ostsee\"}]},{\"@type\":\"WebSite\",\"@id\":\"https:\/\/wellenrauscher.de\/#website\",\"url\":\"https:\/\/wellenrauscher.de\/\",\"name\":\"Wellenrauscher\",\"description\":\"Lieblingsort unter Segeln\",\"potentialAction\":[{\"@type\":\"SearchAction\",\"target\":{\"@type\":\"EntryPoint\",\"urlTemplate\":\"https:\/\/wellenrauscher.de\/?s={search_term_string}\"},\"query-input\":{\"@type\":\"PropertyValueSpecification\",\"valueRequired\":true,\"valueName\":\"search_term_string\"}}],\"inLanguage\":\"en-GB\"}]}<\/script>\n<!-- \/ Yoast SEO plugin. -->","yoast_head_json":{"title":"Segelrouten und T\u00f6rnvorschl\u00e4ge Ostsee - Wellenrauscher","description":"Plane deinen n\u00e4chsten Segelt\u00f6rn mit unseren inspirierenden \"T\u00f6rnvorschl\u00e4ge Ostsee\" -Anregungen. Entdecke traumhafte Routen zu den sch\u00f6nsten H\u00e4fen und Inseln, von Flensburg \u00fcber Fehmarn bis in die d\u00e4nische S\u00fcdsee. Ideal f\u00fcr alle Segelbegeisterten!","robots":{"index":"index","follow":"follow","max-snippet":"max-snippet:-1","max-image-preview":"max-image-preview:large","max-video-preview":"max-video-preview:-1"},"canonical":"https:\/\/wellenrauscher.de\/en\/segelrouten-und-toernvorschlaege-auf-der-ostsee\/","og_locale":"en_GB","og_type":"article","og_title":"Segelrouten und T\u00f6rnvorschl\u00e4ge Ostsee - Wellenrauscher","og_description":"Plane deinen n\u00e4chsten Segelt\u00f6rn mit unseren inspirierenden \"T\u00f6rnvorschl\u00e4ge Ostsee\" -Anregungen. Entdecke traumhafte Routen zu den sch\u00f6nsten H\u00e4fen und Inseln, von Flensburg \u00fcber Fehmarn bis in die d\u00e4nische S\u00fcdsee. Ideal f\u00fcr alle Segelbegeisterten!","og_url":"https:\/\/wellenrauscher.de\/en\/segelrouten-und-toernvorschlaege-auf-der-ostsee\/","og_site_name":"Wellenrauscher","article_modified_time":"2024-09-23T09:37:21+00:00","og_image":[{"url":"https:\/\/wellenrauscher.de\/wp-content\/uploads\/2022\/09\/marstal-daenische-suedsee-fischerreusen-1024x461.jpg","type":"","width":"","height":""}],"twitter_card":"summary_large_image","twitter_misc":{"Estimated reading time":"5 minutes"},"schema":{"@context":"https:\/\/schema.org","@graph":[{"@type":"WebPage","@id":"https:\/\/wellenrauscher.de\/segelrouten-und-toernvorschlaege-auf-der-ostsee\/","url":"https:\/\/wellenrauscher.de\/segelrouten-und-toernvorschlaege-auf-der-ostsee\/","name":"Segelrouten und T\u00f6rnvorschl\u00e4ge Ostsee - Wellenrauscher","isPartOf":{"@id":"https:\/\/wellenrauscher.de\/#website"},"primaryImageOfPage":{"@id":"https:\/\/wellenrauscher.de\/segelrouten-und-toernvorschlaege-auf-der-ostsee\/#primaryimage"},"image":{"@id":"https:\/\/wellenrauscher.de\/segelrouten-und-toernvorschlaege-auf-der-ostsee\/#primaryimage"},"thumbnailUrl":"https:\/\/wellenrauscher.de\/wp-content\/uploads\/2022\/09\/marstal-daenische-suedsee-fischerreusen-1024x461.jpg","datePublished":"2024-09-18T18:27:46+00:00","dateModified":"2024-09-23T09:37:21+00:00","description":"Plane deinen n\u00e4chsten Segelt\u00f6rn mit unseren inspirierenden \"T\u00f6rnvorschl\u00e4ge Ostsee\" -Anregungen. Entdecke traumhafte Routen zu den sch\u00f6nsten H\u00e4fen und Inseln, von Flensburg \u00fcber Fehmarn bis in die d\u00e4nische S\u00fcdsee. Ideal f\u00fcr alle Segelbegeisterten!","breadcrumb":{"@id":"https:\/\/wellenrauscher.de\/segelrouten-und-toernvorschlaege-auf-der-ostsee\/#breadcrumb"},"inLanguage":"en-GB","potentialAction":[{"@type":"ReadAction","target":["https:\/\/wellenrauscher.de\/segelrouten-und-toernvorschlaege-auf-der-ostsee\/"]}]},{"@type":"ImageObject","inLanguage":"en-GB","@id":"https:\/\/wellenrauscher.de\/segelrouten-und-toernvorschlaege-auf-der-ostsee\/#primaryimage","url":"https:\/\/wellenrauscher.de\/wp-content\/uploads\/2022\/09\/marstal-daenische-suedsee-fischerreusen-1024x461.jpg","contentUrl":"https:\/\/wellenrauscher.de\/wp-content\/uploads\/2022\/09\/marstal-daenische-suedsee-fischerreusen-1024x461.jpg"},{"@type":"BreadcrumbList","@id":"https:\/\/wellenrauscher.de\/segelrouten-und-toernvorschlaege-auf-der-ostsee\/#breadcrumb","itemListElement":[{"@type":"ListItem","position":1,"name":"Startseite","item":"https:\/\/wellenrauscher.de\/"},{"@type":"ListItem","position":2,"name":"Segelrouten und T\u00f6rnvorschl\u00e4ge Ostsee"}]},{"@type":"WebSite","@id":"https:\/\/wellenrauscher.de\/#website","url":"https:\/\/wellenrauscher.de\/","name":"Wellenrauscher","description":"favorite place under sails","potentialAction":[{"@type":"SearchAction","target":{"@type":"EntryPoint","urlTemplate":"https:\/\/wellenrauscher.de\/?s={search_term_string}"},"query-input":{"@type":"PropertyValueSpecification","valueRequired":true,"valueName":"search_term_string"}}],"inLanguage":"en-GB"}]}},"jetpack_sharing_enabled":true,"_links":{"self":[{"href":"https:\/\/wellenrauscher.de\/en\/wp-json\/wp\/v2\/pages\/756","targetHints":{"allow":["GET"]}}],"collection":[{"href":"https:\/\/wellenrauscher.de\/en\/wp-json\/wp\/v2\/pages"}],"about":[{"href":"https:\/\/wellenrauscher.de\/en\/wp-json\/wp\/v2\/types\/page"}],"author":[{"embeddable":true,"href":"https:\/\/wellenrauscher.de\/en\/wp-json\/wp\/v2\/users\/1"}],"replies":[{"embeddable":true,"href":"https:\/\/wellenrauscher.de\/en\/wp-json\/wp\/v2\/comments?post=756"}],"version-history":[{"count":9,"href":"https:\/\/wellenrauscher.de\/en\/wp-json\/wp\/v2\/pages\/756\/revisions"}],"predecessor-version":[{"id":837,"href":"https:\/\/wellenrauscher.de\/en\/wp-json\/wp\/v2\/pages\/756\/revisions\/837"}],"wp:attachment":[{"href":"https:\/\/wellenrauscher.de\/en\/wp-json\/wp\/v2\/media?parent=756"}],"curies":[{"name":"wp","href":"https:\/\/api.w.org\/{rel}","templated":true}]}}