{"id":694,"date":"2024-09-13T13:52:33","date_gmt":"2024-09-13T11:52:33","guid":{"rendered":"https:\/\/wellenrauscher.de\/?page_id=694"},"modified":"2024-09-23T11:27:40","modified_gmt":"2024-09-23T09:27:40","slug":"charter-sportboothafen-gelting","status":"publish","type":"page","link":"https:\/\/wellenrauscher.de\/en\/charter-sportboothafen-gelting\/","title":{"rendered":"SportbootHafen Gelting-Mole"},"content":{"rendered":"<h2 class=\"wp-block-heading\">Charter-Reisen ab SportbootHafen Gelting-Mole: Dein Ausgangspunkt f\u00fcr unvergessliche Segelabenteuer<\/h2>\n\n\n\n<figure class=\"wp-block-image size-full\"><img loading=\"lazy\" decoding=\"async\" width=\"460\" height=\"259\" src=\"https:\/\/wellenrauscher.de\/wp-content\/uploads\/2024\/09\/20240905_110232_0000.png\" alt=\"\" class=\"wp-image-695\" srcset=\"https:\/\/wellenrauscher.de\/wp-content\/uploads\/2024\/09\/20240905_110232_0000.png 460w, https:\/\/wellenrauscher.de\/wp-content\/uploads\/2024\/09\/20240905_110232_0000-300x169.png 300w, https:\/\/wellenrauscher.de\/wp-content\/uploads\/2024\/09\/20240905_110232_0000-18x10.png 18w\" sizes=\"auto, (max-width: 460px) 100vw, 460px\" \/><\/figure>\n\n\n\n<p>Erlebe unvergessliche Segelabenteuer ab dem <strong>SportbootHafen Gelting-Mole<\/strong>, deinem idealen Ausgangshafen f\u00fcr <a href=\"https:\/\/wellenrauscher.de\/en\/chartern-gelting-mole\/\">Charter-Reisen in der Ostsee<\/a>. Der Hafen bietet alles, was du f\u00fcr eine erfolgreiche und entspannte Charter-Tour ben\u00f6tigst: moderne Liegepl\u00e4tze, umfassende Serviceangebote und eine hervorragende Lage inmitten der malerischen Landschaft Schleswig-Holstein. Einkaufsm\u00f6glichkeiten in der N\u00e4he und Parkpl\u00e4tze im Hafen, sind ausreichend vorhanden.<\/p>\n\n\n\n<h2 class=\"wp-block-heading\">Warum der SportbootHafen Gelting-Mole?<\/h2>\n\n\n\n<p>Optimale Lage: Der <strong>SportbootHafen Gelting-Mole<\/strong> liegt strategisch g\u00fcnstig f\u00fcr Fahrten in die sch\u00f6nsten Segelreviere der Ostsee. Genie\u00dfe die N\u00e4he zu beliebten Zielen wie der <a href=\"https:\/\/wellenrauscher.de\/en\/2024\/06\/11\/segeltoern-durch-die-flensburger-foerde-mit-einer-dehler-34-im-juni-2024\/\">Flensburger F\u00f6rde<\/a>, Dem Alsen Sund oder der <a href=\"https:\/\/wellenrauscher.de\/en\/2022\/09\/07\/daenische-suedsee\/\">d\u00e4nischen S\u00fcdsee<\/a>.<\/p>\n\n\n\n<p>Modernste Ausstattung: Die moderne Hafenanlage bietet alle Annehmlichkeiten, die du f\u00fcr einen reibungslosen Start in deine Charter-Reise ben\u00f6tigst. Dazu z\u00e4hlen umfassende und saubere Sanit\u00e4reinrichtungen, WLAN-Zugang und bequeme Serviceeinrichtungen wie ein Travellift und eine Dieseltankstelle.<\/p>\n\n\n\n<figure class=\"wp-block-image size-large\"><img loading=\"lazy\" decoding=\"async\" width=\"1024\" height=\"576\" src=\"https:\/\/wellenrauscher.de\/wp-content\/uploads\/2024\/09\/dji_fly_20240922_115448_166_1726999077239_photo_optimized-1024x576.jpg\" alt=\"Sportboothafen Gelting-Mole mit Travellift und Hafenmeisterb\u00fcro, Segelyachten und Motorboote aus der Luft\" class=\"wp-image-817\" srcset=\"https:\/\/wellenrauscher.de\/wp-content\/uploads\/2024\/09\/dji_fly_20240922_115448_166_1726999077239_photo_optimized-1024x576.jpg 1024w, https:\/\/wellenrauscher.de\/wp-content\/uploads\/2024\/09\/dji_fly_20240922_115448_166_1726999077239_photo_optimized-300x169.jpg 300w, https:\/\/wellenrauscher.de\/wp-content\/uploads\/2024\/09\/dji_fly_20240922_115448_166_1726999077239_photo_optimized-768x432.jpg 768w, https:\/\/wellenrauscher.de\/wp-content\/uploads\/2024\/09\/dji_fly_20240922_115448_166_1726999077239_photo_optimized-1536x864.jpg 1536w, https:\/\/wellenrauscher.de\/wp-content\/uploads\/2024\/09\/dji_fly_20240922_115448_166_1726999077239_photo_optimized-2048x1152.jpg 2048w, https:\/\/wellenrauscher.de\/wp-content\/uploads\/2024\/09\/dji_fly_20240922_115448_166_1726999077239_photo_optimized-18x10.jpg 18w\" sizes=\"auto, (max-width: 1024px) 100vw, 1024px\" \/><figcaption class=\"wp-element-caption\">Sportboothafen Gelting Mole mit Travellift und Standort des DGzRS Rettungsbootes Ursula Dettmann<\/figcaption><\/figure>\n\n\n\n<p>Kompetente Unterst\u00fctzung: Das freundliche Team steht bei allen Fragen rund um die <a href=\"https:\/\/wellenrauscher.de\/en\/chartern-gelting-mole\/\">Charter-Reise<\/a> zur Verf\u00fcgung. Von frischen Br\u00f6tchen bis zu Tipps f\u00fcr die besten Segelrouten \u2013 unterst\u00fctzen euch die Hafenmeister gerne, damit euer Abenteuer unvergesslich wird.<\/p>\n\n\n\n<h2 class=\"wp-block-heading\">Erlebe die Ostsee von ihrer sch\u00f6nsten Seite <\/h2>\n\n\n\n<p>Ab dem <strong>SportbootHafen Gelting <\/strong>stehen dir und deiner Crew zahlreiche reizvolle Routen offen. Erkunde die idyllischen K\u00fcstenstreifen, entdecke charmante K\u00fcstenorte an der <a href=\"https:\/\/wellenrauscher.de\/en\/2024\/06\/11\/segeltoern-durch-die-flensburger-foerde-mit-einer-dehler-34-im-juni-2024\/\">Flensburger-F\u00f6rde<\/a>, Dem Alsen Sund oder genie\u00dfe einfach die Ruhe und Weite der Ostsee. Ob du auf der Suche nach aufregenden Segelt\u00f6rns oder entspannenden Stunden auf dem Wasser bist \u2013 der <strong>Hafen Gelting-Mole<\/strong> ist der perfekte Ausgangspunkt.<\/p>\n\n\n\n<figure class=\"wp-block-image size-large\"><img loading=\"lazy\" decoding=\"async\" width=\"1024\" height=\"576\" src=\"https:\/\/wellenrauscher.de\/wp-content\/uploads\/2024\/09\/dji_fly_20240922_115444_165_1726999085563_photo_optimized-1024x576.jpg\" alt=\"Hafen Gelting Mole Ostsee an aus der Luft, Drohnenaufnahme mit Segelyachten und Restaurant im Hintergrund\" class=\"wp-image-816\" srcset=\"https:\/\/wellenrauscher.de\/wp-content\/uploads\/2024\/09\/dji_fly_20240922_115444_165_1726999085563_photo_optimized-1024x576.jpg 1024w, https:\/\/wellenrauscher.de\/wp-content\/uploads\/2024\/09\/dji_fly_20240922_115444_165_1726999085563_photo_optimized-300x169.jpg 300w, https:\/\/wellenrauscher.de\/wp-content\/uploads\/2024\/09\/dji_fly_20240922_115444_165_1726999085563_photo_optimized-768x432.jpg 768w, https:\/\/wellenrauscher.de\/wp-content\/uploads\/2024\/09\/dji_fly_20240922_115444_165_1726999085563_photo_optimized-1536x864.jpg 1536w, https:\/\/wellenrauscher.de\/wp-content\/uploads\/2024\/09\/dji_fly_20240922_115444_165_1726999085563_photo_optimized-2048x1152.jpg 2048w, https:\/\/wellenrauscher.de\/wp-content\/uploads\/2024\/09\/dji_fly_20240922_115444_165_1726999085563_photo_optimized-18x10.jpg 18w\" sizes=\"auto, (max-width: 1024px) 100vw, 1024px\" \/><figcaption class=\"wp-element-caption\">Sportboothafen Gelting-Mole mit zahlreichen Liegepl\u00e4tzen f\u00fcr gro\u00dfe und kleine Boote und Yachten<\/figcaption><\/figure>\n\n\n\n<h2 class=\"wp-block-heading\">Du erreichst uns unkompliziert per Telefon oder E-Mail<\/h2>\n\n\n\n<p>Plane noch heute deine <a href=\"https:\/\/wellenrauscher.de\/en\/chartern-gelting-mole\/\">Charter-Reise<\/a> ab dem <strong>SportbootHafen Gelting-Mole <\/strong>und erlebe die Ostsee von ihrer besten Seite. <a href=\"https:\/\/wellenrauscher.de\/en\/impressum\/\">Kontaktiere<\/a> uns f\u00fcr weitere Informationen und Buchungen \u2013 wir freuen uns darauf, deine Crew und dich im Hafen begr\u00fc\u00dfen zu d\u00fcrfen!<\/p>\n\n\n\n<figure class=\"wp-block-image size-large\"><img loading=\"lazy\" decoding=\"async\" width=\"1024\" height=\"576\" src=\"https:\/\/wellenrauscher.de\/wp-content\/uploads\/2024\/09\/dji_fly_20240922_115512_169_1726999055031_photo_optimized-1024x576.jpg\" alt=\"Hafeneinfahrt Gelting-Mole zur Ostsee und Geltinger Bucht mit Blick auf Wackerballig, Drohnenaufnahme Luftaufnahme\" class=\"wp-image-820\" srcset=\"https:\/\/wellenrauscher.de\/wp-content\/uploads\/2024\/09\/dji_fly_20240922_115512_169_1726999055031_photo_optimized-1024x576.jpg 1024w, https:\/\/wellenrauscher.de\/wp-content\/uploads\/2024\/09\/dji_fly_20240922_115512_169_1726999055031_photo_optimized-300x169.jpg 300w, https:\/\/wellenrauscher.de\/wp-content\/uploads\/2024\/09\/dji_fly_20240922_115512_169_1726999055031_photo_optimized-768x432.jpg 768w, https:\/\/wellenrauscher.de\/wp-content\/uploads\/2024\/09\/dji_fly_20240922_115512_169_1726999055031_photo_optimized-1536x864.jpg 1536w, https:\/\/wellenrauscher.de\/wp-content\/uploads\/2024\/09\/dji_fly_20240922_115512_169_1726999055031_photo_optimized-2048x1152.jpg 2048w, https:\/\/wellenrauscher.de\/wp-content\/uploads\/2024\/09\/dji_fly_20240922_115512_169_1726999055031_photo_optimized-18x10.jpg 18w\" sizes=\"auto, (max-width: 1024px) 100vw, 1024px\" \/><figcaption class=\"wp-element-caption\">Die Hafeneinfahrt des Sportboothafen Gelting Mole, mit 90-Grad-Kurve von See kommend <\/figcaption><\/figure>","protected":false},"excerpt":{"rendered":"<p>Charter-Reisen ab SportbootHafen Gelting-Mole: Dein Ausgangspunkt f\u00fcr unvergessliche Segelabenteuer Erlebe unvergessliche Segelabenteuer ab dem SportbootHafen Gelting-Mole, deinem idealen Ausgangshafen f\u00fcr Charter-Reisen in der Ostsee. Der Hafen bietet alles, was du f\u00fcr eine erfolgreiche und entspannte Charter-Tour ben\u00f6tigst: moderne Liegepl\u00e4tze, umfassende <a href=\"https:\/\/wellenrauscher.de\/en\/charter-sportboothafen-gelting\/\" class=\"read-more\">Read more<\/a><\/p>","protected":false},"author":1,"featured_media":0,"parent":0,"menu_order":0,"comment_status":"closed","ping_status":"closed","template":"","meta":{"footnotes":""},"class_list":["post-694","page","type-page","status-publish","hentry"],"yoast_head":"<!-- This site is optimized with the Yoast SEO plugin v26.3 - https:\/\/yoast.com\/wordpress\/plugins\/seo\/ -->\n<title>SportbootHafen Gelting-Mole<\/title>\n<meta name=\"description\" content=\"Erlebe Segelabenteuer ab dem SportbootHafen Gelting-Mole in Schleswig-Holstein. Ideal gelegen f\u00fcr Charter-Reisen in der Ostsee, bietet unser moderner Hafen umfassende Ausstattung, hervorragenden Service und die perfekte Ausgangsbasis f\u00fcr entspannte T\u00f6rns. Plane jetzt dein Abenteuer und genie\u00dfe die Ostsee von ihrer besten Seite.\" \/>\n<meta name=\"robots\" content=\"index, follow, max-snippet:-1, max-image-preview:large, max-video-preview:-1\" \/>\n<link rel=\"canonical\" href=\"https:\/\/wellenrauscher.de\/en\/charter-sportboothafen-gelting\/\" \/>\n<meta property=\"og:locale\" content=\"en_GB\" \/>\n<meta property=\"og:type\" content=\"article\" \/>\n<meta property=\"og:title\" content=\"SportbootHafen Gelting-Mole\" \/>\n<meta property=\"og:description\" content=\"Erlebe Segelabenteuer ab dem SportbootHafen Gelting-Mole in Schleswig-Holstein. Ideal gelegen f\u00fcr Charter-Reisen in der Ostsee, bietet unser moderner Hafen umfassende Ausstattung, hervorragenden Service und die perfekte Ausgangsbasis f\u00fcr entspannte T\u00f6rns. Plane jetzt dein Abenteuer und genie\u00dfe die Ostsee von ihrer besten Seite.\" \/>\n<meta property=\"og:url\" content=\"https:\/\/wellenrauscher.de\/en\/charter-sportboothafen-gelting\/\" \/>\n<meta property=\"og:site_name\" content=\"Wellenrauscher\" \/>\n<meta property=\"article:modified_time\" content=\"2024-09-23T09:27:40+00:00\" \/>\n<meta property=\"og:image\" content=\"https:\/\/wellenrauscher.de\/wp-content\/uploads\/2024\/09\/20240905_110232_0000.png\" \/>\n<meta name=\"twitter:card\" content=\"summary_large_image\" \/>\n<meta name=\"twitter:label1\" content=\"Estimated reading time\" \/>\n\t<meta name=\"twitter:data1\" content=\"3 minutes\" \/>\n<script type=\"application\/ld+json\" class=\"yoast-schema-graph\">{\"@context\":\"https:\/\/schema.org\",\"@graph\":[{\"@type\":\"WebPage\",\"@id\":\"https:\/\/wellenrauscher.de\/charter-sportboothafen-gelting\/\",\"url\":\"https:\/\/wellenrauscher.de\/charter-sportboothafen-gelting\/\",\"name\":\"SportbootHafen Gelting-Mole\",\"isPartOf\":{\"@id\":\"https:\/\/wellenrauscher.de\/#website\"},\"primaryImageOfPage\":{\"@id\":\"https:\/\/wellenrauscher.de\/charter-sportboothafen-gelting\/#primaryimage\"},\"image\":{\"@id\":\"https:\/\/wellenrauscher.de\/charter-sportboothafen-gelting\/#primaryimage\"},\"thumbnailUrl\":\"https:\/\/wellenrauscher.de\/wp-content\/uploads\/2024\/09\/20240905_110232_0000.png\",\"datePublished\":\"2024-09-13T11:52:33+00:00\",\"dateModified\":\"2024-09-23T09:27:40+00:00\",\"description\":\"Erlebe Segelabenteuer ab dem SportbootHafen Gelting-Mole in Schleswig-Holstein. Ideal gelegen f\u00fcr Charter-Reisen in der Ostsee, bietet unser moderner Hafen umfassende Ausstattung, hervorragenden Service und die perfekte Ausgangsbasis f\u00fcr entspannte T\u00f6rns. Plane jetzt dein Abenteuer und genie\u00dfe die Ostsee von ihrer besten Seite.\",\"breadcrumb\":{\"@id\":\"https:\/\/wellenrauscher.de\/charter-sportboothafen-gelting\/#breadcrumb\"},\"inLanguage\":\"en-GB\",\"potentialAction\":[{\"@type\":\"ReadAction\",\"target\":[\"https:\/\/wellenrauscher.de\/charter-sportboothafen-gelting\/\"]}]},{\"@type\":\"ImageObject\",\"inLanguage\":\"en-GB\",\"@id\":\"https:\/\/wellenrauscher.de\/charter-sportboothafen-gelting\/#primaryimage\",\"url\":\"https:\/\/wellenrauscher.de\/wp-content\/uploads\/2024\/09\/20240905_110232_0000.png\",\"contentUrl\":\"https:\/\/wellenrauscher.de\/wp-content\/uploads\/2024\/09\/20240905_110232_0000.png\"},{\"@type\":\"BreadcrumbList\",\"@id\":\"https:\/\/wellenrauscher.de\/charter-sportboothafen-gelting\/#breadcrumb\",\"itemListElement\":[{\"@type\":\"ListItem\",\"position\":1,\"name\":\"Startseite\",\"item\":\"https:\/\/wellenrauscher.de\/\"},{\"@type\":\"ListItem\",\"position\":2,\"name\":\"SportbootHafen Gelting-Mole\"}]},{\"@type\":\"WebSite\",\"@id\":\"https:\/\/wellenrauscher.de\/#website\",\"url\":\"https:\/\/wellenrauscher.de\/\",\"name\":\"Wellenrauscher\",\"description\":\"Lieblingsort unter Segeln\",\"potentialAction\":[{\"@type\":\"SearchAction\",\"target\":{\"@type\":\"EntryPoint\",\"urlTemplate\":\"https:\/\/wellenrauscher.de\/?s={search_term_string}\"},\"query-input\":{\"@type\":\"PropertyValueSpecification\",\"valueRequired\":true,\"valueName\":\"search_term_string\"}}],\"inLanguage\":\"en-GB\"}]}<\/script>\n<!-- \/ Yoast SEO plugin. -->","yoast_head_json":{"title":"SportbootHafen Gelting-Mole","description":"Erlebe Segelabenteuer ab dem SportbootHafen Gelting-Mole in Schleswig-Holstein. Ideal gelegen f\u00fcr Charter-Reisen in der Ostsee, bietet unser moderner Hafen umfassende Ausstattung, hervorragenden Service und die perfekte Ausgangsbasis f\u00fcr entspannte T\u00f6rns. Plane jetzt dein Abenteuer und genie\u00dfe die Ostsee von ihrer besten Seite.","robots":{"index":"index","follow":"follow","max-snippet":"max-snippet:-1","max-image-preview":"max-image-preview:large","max-video-preview":"max-video-preview:-1"},"canonical":"https:\/\/wellenrauscher.de\/en\/charter-sportboothafen-gelting\/","og_locale":"en_GB","og_type":"article","og_title":"SportbootHafen Gelting-Mole","og_description":"Erlebe Segelabenteuer ab dem SportbootHafen Gelting-Mole in Schleswig-Holstein. Ideal gelegen f\u00fcr Charter-Reisen in der Ostsee, bietet unser moderner Hafen umfassende Ausstattung, hervorragenden Service und die perfekte Ausgangsbasis f\u00fcr entspannte T\u00f6rns. Plane jetzt dein Abenteuer und genie\u00dfe die Ostsee von ihrer besten Seite.","og_url":"https:\/\/wellenrauscher.de\/en\/charter-sportboothafen-gelting\/","og_site_name":"Wellenrauscher","article_modified_time":"2024-09-23T09:27:40+00:00","og_image":[{"url":"https:\/\/wellenrauscher.de\/wp-content\/uploads\/2024\/09\/20240905_110232_0000.png","type":"","width":"","height":""}],"twitter_card":"summary_large_image","twitter_misc":{"Estimated reading time":"3 minutes"},"schema":{"@context":"https:\/\/schema.org","@graph":[{"@type":"WebPage","@id":"https:\/\/wellenrauscher.de\/charter-sportboothafen-gelting\/","url":"https:\/\/wellenrauscher.de\/charter-sportboothafen-gelting\/","name":"SportbootHafen Gelting-Mole","isPartOf":{"@id":"https:\/\/wellenrauscher.de\/#website"},"primaryImageOfPage":{"@id":"https:\/\/wellenrauscher.de\/charter-sportboothafen-gelting\/#primaryimage"},"image":{"@id":"https:\/\/wellenrauscher.de\/charter-sportboothafen-gelting\/#primaryimage"},"thumbnailUrl":"https:\/\/wellenrauscher.de\/wp-content\/uploads\/2024\/09\/20240905_110232_0000.png","datePublished":"2024-09-13T11:52:33+00:00","dateModified":"2024-09-23T09:27:40+00:00","description":"Erlebe Segelabenteuer ab dem SportbootHafen Gelting-Mole in Schleswig-Holstein. Ideal gelegen f\u00fcr Charter-Reisen in der Ostsee, bietet unser moderner Hafen umfassende Ausstattung, hervorragenden Service und die perfekte Ausgangsbasis f\u00fcr entspannte T\u00f6rns. Plane jetzt dein Abenteuer und genie\u00dfe die Ostsee von ihrer besten Seite.","breadcrumb":{"@id":"https:\/\/wellenrauscher.de\/charter-sportboothafen-gelting\/#breadcrumb"},"inLanguage":"en-GB","potentialAction":[{"@type":"ReadAction","target":["https:\/\/wellenrauscher.de\/charter-sportboothafen-gelting\/"]}]},{"@type":"ImageObject","inLanguage":"en-GB","@id":"https:\/\/wellenrauscher.de\/charter-sportboothafen-gelting\/#primaryimage","url":"https:\/\/wellenrauscher.de\/wp-content\/uploads\/2024\/09\/20240905_110232_0000.png","contentUrl":"https:\/\/wellenrauscher.de\/wp-content\/uploads\/2024\/09\/20240905_110232_0000.png"},{"@type":"BreadcrumbList","@id":"https:\/\/wellenrauscher.de\/charter-sportboothafen-gelting\/#breadcrumb","itemListElement":[{"@type":"ListItem","position":1,"name":"Startseite","item":"https:\/\/wellenrauscher.de\/"},{"@type":"ListItem","position":2,"name":"SportbootHafen Gelting-Mole"}]},{"@type":"WebSite","@id":"https:\/\/wellenrauscher.de\/#website","url":"https:\/\/wellenrauscher.de\/","name":"Wellenrauscher","description":"favorite place under sails","potentialAction":[{"@type":"SearchAction","target":{"@type":"EntryPoint","urlTemplate":"https:\/\/wellenrauscher.de\/?s={search_term_string}"},"query-input":{"@type":"PropertyValueSpecification","valueRequired":true,"valueName":"search_term_string"}}],"inLanguage":"en-GB"}]}},"jetpack_sharing_enabled":true,"_links":{"self":[{"href":"https:\/\/wellenrauscher.de\/en\/wp-json\/wp\/v2\/pages\/694","targetHints":{"allow":["GET"]}}],"collection":[{"href":"https:\/\/wellenrauscher.de\/en\/wp-json\/wp\/v2\/pages"}],"about":[{"href":"https:\/\/wellenrauscher.de\/en\/wp-json\/wp\/v2\/types\/page"}],"author":[{"embeddable":true,"href":"https:\/\/wellenrauscher.de\/en\/wp-json\/wp\/v2\/users\/1"}],"replies":[{"embeddable":true,"href":"https:\/\/wellenrauscher.de\/en\/wp-json\/wp\/v2\/comments?post=694"}],"version-history":[{"count":10,"href":"https:\/\/wellenrauscher.de\/en\/wp-json\/wp\/v2\/pages\/694\/revisions"}],"predecessor-version":[{"id":833,"href":"https:\/\/wellenrauscher.de\/en\/wp-json\/wp\/v2\/pages\/694\/revisions\/833"}],"wp:attachment":[{"href":"https:\/\/wellenrauscher.de\/en\/wp-json\/wp\/v2\/media?parent=694"}],"curies":[{"name":"wp","href":"https:\/\/api.w.org\/{rel}","templated":true}]}}